{"id":12262,"date":"2022-01-18T22:18:59","date_gmt":"2022-01-18T20:18:59","guid":{"rendered":"https:\/\/tightline.ee\/?post_type=product&#038;p=12262"},"modified":"2024-04-30T14:42:56","modified_gmt":"2024-04-30T11:42:56","slug":"dr-slick-magnetic-net-keeper","status":"publish","type":"product","link":"https:\/\/tightline.ee\/et\/toode\/dr-slick-magnetic-net-keeper\/","title":{"rendered":"Dr.Slick Magnetic Net Keeper"},"content":{"rendered":"<p>See v\u00f5imas magnetiline v\u00f5rguhoidja hoiab teie v\u00f5rgu korras, turvalisena ja kasutusvalmis. Karabiin kinnitub vesti tagak\u00fcljele, kaelakeele v\u00f5i mis sul on. Saab teie v\u00f5rku h\u00f5lpsalt hoida \u00fcleval v\u00f5i all. Eriti pikk t\u00e4isp\u00f6\u00f6rlev kaelapael ei lase teie v\u00f5rgul kasutamise ajal minema k\u00f5ndida. T\u00f6\u00f6tab suurep\u00e4raselt ka tangidega.<\/p>","protected":false},"excerpt":{"rendered":"<p>See v\u00f5imas magnetiline v\u00f5rguhoidja hoiab teie v\u00f5rgu korras, turvalisena ja kasutusvalmis. Karabiin kinnitub vesti tagak\u00fcljele, kaelakeele v\u00f5i mis sul on.<\/p>\n","protected":false},"featured_media":13690,"template":"","meta":[],"pwb-brand":[774],"product_cat":[91,96],"product_tag":[775,2450],"class_list":{"0":"post-12262","1":"product","2":"type-product","3":"status-publish","4":"has-post-thumbnail","6":"pwb-brand-dr-slick","7":"product_cat-fishing-net","8":"product_cat-accessories-for-fishing","9":"product_tag-dr-slick","10":"product_tag-net-releaser","12":"first","13":"onbackorder","14":"taxable","15":"shipping-taxable","16":"purchasable","17":"product-type-simple"},"jetpack_sharing_enabled":true,"brands":[{"id":774,"name":"Dr.Slick","slug":"dr-slick"}],"_links":{"self":[{"href":"https:\/\/tightline.ee\/et\/wp-json\/wp\/v2\/product\/12262","targetHints":{"allow":["GET"]}}],"collection":[{"href":"https:\/\/tightline.ee\/et\/wp-json\/wp\/v2\/product"}],"about":[{"href":"https:\/\/tightline.ee\/et\/wp-json\/wp\/v2\/types\/product"}],"wp:featuredmedia":[{"embeddable":true,"href":"https:\/\/tightline.ee\/et\/wp-json\/wp\/v2\/media\/13690"}],"wp:attachment":[{"href":"https:\/\/tightline.ee\/et\/wp-json\/wp\/v2\/media?parent=12262"}],"wp:term":[{"taxonomy":"pwb-brand","embeddable":true,"href":"https:\/\/tightline.ee\/et\/wp-json\/wp\/v2\/pwb-brand?post=12262"},{"taxonomy":"product_cat","embeddable":true,"href":"https:\/\/tightline.ee\/et\/wp-json\/wp\/v2\/product_cat?post=12262"},{"taxonomy":"product_tag","embeddable":true,"href":"https:\/\/tightline.ee\/et\/wp-json\/wp\/v2\/product_tag?post=12262"}],"curies":[{"name":"wp","href":"https:\/\/api.w.org\/{rel}","templated":true}]}}