{"id":12193,"date":"2021-11-21T12:08:03","date_gmt":"2021-11-21T10:08:03","guid":{"rendered":"https:\/\/tightline.ee\/?post_type=product&#038;p=12193"},"modified":"2024-04-29T18:12:13","modified_gmt":"2024-04-29T15:12:13","slug":"guide-classic-stockingfoot-carbon","status":"publish","type":"product","link":"https:\/\/tightline.ee\/et\/toode\/guide-classic-stockingfoot-carbon\/","title":{"rendered":"Guide Classic Stockingfoot Carbon"},"content":{"rendered":"<p>K\u00e4esoojendaja k\u00e4eulatuses rinnatasku lukuga \u00fclemise taskuga<br \/>\nP\u00f6\u00f6rake v\u00e4lja lukuga turvatasku, et hoida esmatarbekaupu valmis<br \/>\nAnatoomiliselt konstrueeritud neopreenist sukajalad sisseehitatud kruusakaitsetega<br \/>\nKANGA TECH: GORE-TEX\u00ae 3-kihiline laminaat<\/p>","protected":false},"excerpt":{"rendered":"<p>K\u00e4esoojendaja k\u00e4eulatuses rinnatasku lukuga \u00fclemise taskuga P\u00f6\u00f6rake v\u00e4lja lukuga turvatasku, et hoida esmatarbekaupu valmis Anatoomiliselt konstrueeritud neopreenist sukajalad sisseehitatud kruusakaitsetega<\/p>\n","protected":false},"featured_media":13504,"template":"","meta":[],"pwb-brand":[333],"product_cat":[172],"product_tag":[2429,2430,350,321,325,323,322,324],"class_list":{"0":"post-12193","1":"product","2":"type-product","3":"status-publish","4":"has-post-thumbnail","6":"pwb-brand-simms","7":"product_cat-waders","8":"product_tag-classic","9":"product_tag-guide","10":"product_tag-simms","11":"product_tag-waders","12":"product_tag-325","13":"product_tag-323","14":"product_tag-322","15":"product_tag-324","17":"first","18":"onbackorder","19":"taxable","20":"shipping-taxable","21":"purchasable","22":"product-type-variable"},"jetpack_sharing_enabled":true,"brands":[{"id":333,"name":"Simms","slug":"simms"}],"_links":{"self":[{"href":"https:\/\/tightline.ee\/et\/wp-json\/wp\/v2\/product\/12193","targetHints":{"allow":["GET"]}}],"collection":[{"href":"https:\/\/tightline.ee\/et\/wp-json\/wp\/v2\/product"}],"about":[{"href":"https:\/\/tightline.ee\/et\/wp-json\/wp\/v2\/types\/product"}],"wp:featuredmedia":[{"embeddable":true,"href":"https:\/\/tightline.ee\/et\/wp-json\/wp\/v2\/media\/13504"}],"wp:attachment":[{"href":"https:\/\/tightline.ee\/et\/wp-json\/wp\/v2\/media?parent=12193"}],"wp:term":[{"taxonomy":"pwb-brand","embeddable":true,"href":"https:\/\/tightline.ee\/et\/wp-json\/wp\/v2\/pwb-brand?post=12193"},{"taxonomy":"product_cat","embeddable":true,"href":"https:\/\/tightline.ee\/et\/wp-json\/wp\/v2\/product_cat?post=12193"},{"taxonomy":"product_tag","embeddable":true,"href":"https:\/\/tightline.ee\/et\/wp-json\/wp\/v2\/product_tag?post=12193"}],"curies":[{"name":"wp","href":"https:\/\/api.w.org\/{rel}","templated":true}]}}