{"id":12054,"date":"2021-09-23T12:10:49","date_gmt":"2021-09-23T09:10:49","guid":{"rendered":"https:\/\/tightline.ee\/?post_type=product&#038;p=12054"},"modified":"2025-09-15T15:15:01","modified_gmt":"2025-09-15T12:15:01","slug":"loop-up-single-hook","status":"publish","type":"product","link":"https:\/\/tightline.ee\/et\/toode\/loop-up-single-hook\/","title":{"rendered":"LOOP UP Single Hook"},"content":{"rendered":"<p>Kaasaegne \u00fche silmaga konks musta niklit, ideaalne klassikalistele v\u00f5i kaasaegsetele l\u00f5he-, teraspea- ja meriforellik\u00e4rbestele. 10 pakki.<\/p>","protected":false},"excerpt":{"rendered":"<p>Kaasaegne \u00fche silmaga konks musta niklit, ideaalne klassikalistele v\u00f5i kaasaegsetele l\u00f5he-, teraspea- ja meriforellik\u00e4rbestele. 10 pakki.<\/p>\n","protected":false},"featured_media":13609,"template":"","meta":[],"pwb-brand":[180],"product_cat":[606],"product_tag":[581,601,608,609,600,610],"class_list":{"0":"post-12054","1":"product","2":"type-product","3":"status-publish","4":"has-post-thumbnail","6":"pwb-brand-loop","7":"product_cat-salmon-single","8":"product_tag-hook","9":"product_tag-konks","10":"product_tag-salmon","11":"product_tag-single","12":"product_tag-600","13":"product_tag-610","15":"first","16":"instock","17":"taxable","18":"shipping-taxable","19":"purchasable","20":"product-type-variable"},"jetpack_sharing_enabled":true,"brands":[{"id":180,"name":"Loop","slug":"loop"}],"_links":{"self":[{"href":"https:\/\/tightline.ee\/et\/wp-json\/wp\/v2\/product\/12054","targetHints":{"allow":["GET"]}}],"collection":[{"href":"https:\/\/tightline.ee\/et\/wp-json\/wp\/v2\/product"}],"about":[{"href":"https:\/\/tightline.ee\/et\/wp-json\/wp\/v2\/types\/product"}],"wp:featuredmedia":[{"embeddable":true,"href":"https:\/\/tightline.ee\/et\/wp-json\/wp\/v2\/media\/13609"}],"wp:attachment":[{"href":"https:\/\/tightline.ee\/et\/wp-json\/wp\/v2\/media?parent=12054"}],"wp:term":[{"taxonomy":"pwb-brand","embeddable":true,"href":"https:\/\/tightline.ee\/et\/wp-json\/wp\/v2\/pwb-brand?post=12054"},{"taxonomy":"product_cat","embeddable":true,"href":"https:\/\/tightline.ee\/et\/wp-json\/wp\/v2\/product_cat?post=12054"},{"taxonomy":"product_tag","embeddable":true,"href":"https:\/\/tightline.ee\/et\/wp-json\/wp\/v2\/product_tag?post=12054"}],"curies":[{"name":"wp","href":"https:\/\/api.w.org\/{rel}","templated":true}]}}