{"id":12050,"date":"2021-09-21T14:21:23","date_gmt":"2021-09-21T11:21:23","guid":{"rendered":"https:\/\/tightline.ee\/?post_type=product&#038;p=12050"},"modified":"2026-03-28T22:05:21","modified_gmt":"2026-03-28T20:05:21","slug":"aquaseal-uv-wader-repair-7-g","status":"publish","type":"product","link":"https:\/\/tightline.ee\/et\/toode\/aquaseal-uv-wader-repair-7-g\/","title":{"rendered":"Aquaseal +UV  Wader Repair 7 g"},"content":{"rendered":"<p>V\u00e4rv: selge<br \/>\nKleepub: neopreenist, nailonist, pol\u00fcestrist, GORE-TEX kangast<br \/>\nKuivamisaeg: alla 30 sekundi UV -valgusega<br \/>\nKuivamismeetod: UV -valgus (p\u00e4ikese all v\u00f5i UV -taskulamp)<\/p>","protected":false},"excerpt":{"rendered":"<p>V\u00e4rv: selge Kleepub: neopreenist, nailonist, pol\u00fcestrist, GORE-TEX kangast Kuivamisaeg: alla 30 sekundi UV -valgusega Kuivamismeetod: UV -valgus (p\u00e4ikese all v\u00f5i<\/p>\n","protected":false},"featured_media":13505,"template":"","meta":[],"pwb-brand":[2518],"product_cat":[172,167,96],"product_tag":[2519,740,741,744,745,742,743],"class_list":{"0":"post-12050","1":"product","2":"type-product","3":"status-publish","4":"has-post-thumbnail","6":"pwb-brand-gearaid","7":"product_cat-waders","8":"product_cat-fly-tying-varnish-glue-dyes","9":"product_cat-accessories-for-fishing","10":"product_tag-aquaseal","11":"product_tag-aquasure","12":"product_tag-glue","13":"product_tag-liim","14":"product_tag-mcnett","15":"product_tag-wader-repair","16":"product_tag-743","18":"first","19":"instock","20":"taxable","21":"shipping-taxable","22":"purchasable","23":"product-type-simple"},"jetpack_sharing_enabled":true,"brands":[{"id":2518,"name":"GearAid","slug":"gearaid"}],"_links":{"self":[{"href":"https:\/\/tightline.ee\/et\/wp-json\/wp\/v2\/product\/12050","targetHints":{"allow":["GET"]}}],"collection":[{"href":"https:\/\/tightline.ee\/et\/wp-json\/wp\/v2\/product"}],"about":[{"href":"https:\/\/tightline.ee\/et\/wp-json\/wp\/v2\/types\/product"}],"wp:featuredmedia":[{"embeddable":true,"href":"https:\/\/tightline.ee\/et\/wp-json\/wp\/v2\/media\/13505"}],"wp:attachment":[{"href":"https:\/\/tightline.ee\/et\/wp-json\/wp\/v2\/media?parent=12050"}],"wp:term":[{"taxonomy":"pwb-brand","embeddable":true,"href":"https:\/\/tightline.ee\/et\/wp-json\/wp\/v2\/pwb-brand?post=12050"},{"taxonomy":"product_cat","embeddable":true,"href":"https:\/\/tightline.ee\/et\/wp-json\/wp\/v2\/product_cat?post=12050"},{"taxonomy":"product_tag","embeddable":true,"href":"https:\/\/tightline.ee\/et\/wp-json\/wp\/v2\/product_tag?post=12050"}],"curies":[{"name":"wp","href":"https:\/\/api.w.org\/{rel}","templated":true}]}}