{"id":12023,"date":"2021-09-03T13:18:13","date_gmt":"2021-09-03T10:18:13","guid":{"rendered":"https:\/\/tightline.ee\/?post_type=product&#038;p=12023"},"modified":"2024-04-30T15:38:29","modified_gmt":"2024-04-30T12:38:29","slug":"loop-straight-single-tube-hook","status":"publish","type":"product","link":"https:\/\/tightline.ee\/et\/toode\/loop-straight-single-tube-hook\/","title":{"rendered":"LOOP Straight Single Tube Hook"},"content":{"rendered":"<p>Laia piluga, v\u00e4ga tugeva kitsa silmaga sirge silmaga \u00fche toruga konks klassikaliste v\u00f5i kaasaegsete l\u00f5he-, teraspea- ja meriforelli toruk\u00e4rbeste jaoks.<br \/>\n10 pakendi kohta.<\/p>","protected":false},"excerpt":{"rendered":"<p>Laia piluga, v\u00e4ga tugeva kitsa silmaga sirge silmaga \u00fche toruga konks klassikaliste v\u00f5i kaasaegsete l\u00f5he-, teraspea- ja meriforelli toruk\u00e4rbeste jaoks.<\/p>\n","protected":false},"featured_media":13706,"template":"","meta":[],"pwb-brand":[180],"product_cat":[606],"product_tag":[581,601,608,609,600,610],"class_list":{"0":"post-12023","1":"product","2":"type-product","3":"status-publish","4":"has-post-thumbnail","6":"pwb-brand-loop","7":"product_cat-salmon-single","8":"product_tag-hook","9":"product_tag-konks","10":"product_tag-salmon","11":"product_tag-single","12":"product_tag-600","13":"product_tag-610","15":"first","16":"outofstock","17":"taxable","18":"shipping-taxable","19":"purchasable","20":"product-type-variable"},"jetpack_sharing_enabled":true,"brands":[{"id":180,"name":"Loop","slug":"loop"}],"_links":{"self":[{"href":"https:\/\/tightline.ee\/et\/wp-json\/wp\/v2\/product\/12023","targetHints":{"allow":["GET"]}}],"collection":[{"href":"https:\/\/tightline.ee\/et\/wp-json\/wp\/v2\/product"}],"about":[{"href":"https:\/\/tightline.ee\/et\/wp-json\/wp\/v2\/types\/product"}],"wp:featuredmedia":[{"embeddable":true,"href":"https:\/\/tightline.ee\/et\/wp-json\/wp\/v2\/media\/13706"}],"wp:attachment":[{"href":"https:\/\/tightline.ee\/et\/wp-json\/wp\/v2\/media?parent=12023"}],"wp:term":[{"taxonomy":"pwb-brand","embeddable":true,"href":"https:\/\/tightline.ee\/et\/wp-json\/wp\/v2\/pwb-brand?post=12023"},{"taxonomy":"product_cat","embeddable":true,"href":"https:\/\/tightline.ee\/et\/wp-json\/wp\/v2\/product_cat?post=12023"},{"taxonomy":"product_tag","embeddable":true,"href":"https:\/\/tightline.ee\/et\/wp-json\/wp\/v2\/product_tag?post=12023"}],"curies":[{"name":"wp","href":"https:\/\/api.w.org\/{rel}","templated":true}]}}