{"id":11636,"date":"2021-04-20T11:29:30","date_gmt":"2021-04-20T08:29:30","guid":{"rendered":"https:\/\/tightline.ee\/?post_type=product&#038;p=11636"},"modified":"2023-07-05T12:16:57","modified_gmt":"2023-07-05T09:16:57","slug":"simms-bugstopper-sunglove-hex-flo-camo-timber","status":"publish","type":"product","link":"https:\/\/tightline.ee\/et\/toode\/simms-bugstopper-sunglove-hex-flo-camo-timber\/","title":{"rendered":"Simms BugStopper Sunglove Hex Flo Camo Timber"},"content":{"rendered":"<p>Need p\u00e4ikese k\u00e4es ja vigade hammustamiseks pakuvad need pooles\u00f5rmega kindad UPF 50 kaitset ja t\u00f5estatud putukakilbi tehnoloogiat<\/p>","protected":false},"excerpt":{"rendered":"<p>Need p\u00e4ikese k\u00e4es ja vigade hammustamiseks pakuvad need pooles\u00f5rmega kindad UPF 50 kaitset ja t\u00f5estatud putukakilbi tehnoloogiat<\/p>\n","protected":false},"featured_media":0,"template":"","meta":[],"pwb-brand":[333],"product_cat":[123],"product_tag":[2267],"class_list":{"0":"post-11636","1":"product","2":"type-product","3":"status-publish","5":"pwb-brand-simms","6":"product_cat-soks-gloves","7":"product_tag-bugstopper","9":"first","10":"instock","11":"taxable","12":"shipping-taxable","13":"purchasable","14":"product-type-variable"},"jetpack_sharing_enabled":true,"brands":[{"id":333,"name":"Simms","slug":"simms"}],"_links":{"self":[{"href":"https:\/\/tightline.ee\/et\/wp-json\/wp\/v2\/product\/11636","targetHints":{"allow":["GET"]}}],"collection":[{"href":"https:\/\/tightline.ee\/et\/wp-json\/wp\/v2\/product"}],"about":[{"href":"https:\/\/tightline.ee\/et\/wp-json\/wp\/v2\/types\/product"}],"wp:attachment":[{"href":"https:\/\/tightline.ee\/et\/wp-json\/wp\/v2\/media?parent=11636"}],"wp:term":[{"taxonomy":"pwb-brand","embeddable":true,"href":"https:\/\/tightline.ee\/et\/wp-json\/wp\/v2\/pwb-brand?post=11636"},{"taxonomy":"product_cat","embeddable":true,"href":"https:\/\/tightline.ee\/et\/wp-json\/wp\/v2\/product_cat?post=11636"},{"taxonomy":"product_tag","embeddable":true,"href":"https:\/\/tightline.ee\/et\/wp-json\/wp\/v2\/product_tag?post=11636"}],"curies":[{"name":"wp","href":"https:\/\/api.w.org\/{rel}","templated":true}]}}