{"id":11590,"date":"2021-03-30T16:31:39","date_gmt":"2021-03-30T13:31:39","guid":{"rendered":"https:\/\/tightline.ee\/?post_type=product&#038;p=11590"},"modified":"2025-09-26T14:04:27","modified_gmt":"2025-09-26T11:04:27","slug":"loop-opti-180-tube-fly-box","status":"publish","type":"product","link":"https:\/\/tightline.ee\/et\/toode\/loop-opti-180-tube-fly-box\/","title":{"rendered":"Loop OPTI 180 TUBE FLY BOX"},"content":{"rendered":"<p>See karb on m\u00f5eldud toru ja k\u00e4rbeste jaoks spetsiaalse kandelahusena.<\/p>\n<p>Kaal: 240g<br \/>\nK\u00e4rbse mahutavus: 170 \u00fcksikut k\u00e4rbset, 3 konksu hoiukohta, 6 toruga k\u00e4rbse hoiustamisosa<\/p>\n<p>180 * 115 * 41mm<\/p>","protected":false},"excerpt":{"rendered":"<p>See karb on m\u00f5eldud toru ja k\u00e4rbeste jaoks spetsiaalse kandelahusena. Kaal: 240g K\u00e4rbse mahutavus: 170 \u00fcksikut k\u00e4rbset, 3 konksu hoiukohta,<\/p>\n","protected":false},"featured_media":13566,"template":"","meta":[],"pwb-brand":[180],"product_cat":[92],"product_tag":[2261,621,2385,624,2440],"class_list":{"0":"post-11590","1":"product","2":"type-product","3":"status-publish","4":"has-post-thumbnail","6":"pwb-brand-loop","7":"product_cat-fly-boxes","8":"product_tag-fly-box","9":"product_tag-loop","10":"product_tag-opti","11":"product_tag-tube","12":"product_tag-tubefly","14":"first","15":"onbackorder","16":"taxable","17":"shipping-taxable","18":"purchasable","19":"product-type-variable"},"jetpack_sharing_enabled":true,"brands":[{"id":180,"name":"Loop","slug":"loop"}],"_links":{"self":[{"href":"https:\/\/tightline.ee\/et\/wp-json\/wp\/v2\/product\/11590","targetHints":{"allow":["GET"]}}],"collection":[{"href":"https:\/\/tightline.ee\/et\/wp-json\/wp\/v2\/product"}],"about":[{"href":"https:\/\/tightline.ee\/et\/wp-json\/wp\/v2\/types\/product"}],"wp:featuredmedia":[{"embeddable":true,"href":"https:\/\/tightline.ee\/et\/wp-json\/wp\/v2\/media\/13566"}],"wp:attachment":[{"href":"https:\/\/tightline.ee\/et\/wp-json\/wp\/v2\/media?parent=11590"}],"wp:term":[{"taxonomy":"pwb-brand","embeddable":true,"href":"https:\/\/tightline.ee\/et\/wp-json\/wp\/v2\/pwb-brand?post=11590"},{"taxonomy":"product_cat","embeddable":true,"href":"https:\/\/tightline.ee\/et\/wp-json\/wp\/v2\/product_cat?post=11590"},{"taxonomy":"product_tag","embeddable":true,"href":"https:\/\/tightline.ee\/et\/wp-json\/wp\/v2\/product_tag?post=11590"}],"curies":[{"name":"wp","href":"https:\/\/api.w.org\/{rel}","templated":true}]}}