{"id":11551,"date":"2021-03-23T13:14:15","date_gmt":"2021-03-23T11:14:15","guid":{"rendered":"https:\/\/tightline.ee\/?post_type=product&#038;p=11551"},"modified":"2022-05-19T13:48:01","modified_gmt":"2022-05-19T10:48:01","slug":"simms-g3-guide-pant-steel","status":"publish","type":"product","link":"https:\/\/tightline.ee\/et\/toode\/simms-g3-guide-pant-steel\/","title":{"rendered":"Simms G3 Guide Pant Steel"},"content":{"rendered":"<p>Vastupidav, hingav ja mugav 4-kihiline GORE-TEX\u00ae Pro Shelli \u00fclemine ja alumine osa<br \/>\nTopeltkinnitus TIZIP\u00ae veekindla k\u00e4rblukuga<br \/>\nSisseehitatud madala profiiliga v\u00f6\u00f6aasad koos 2-tollise veniva v\u00f6\u00f6v\u00f6\u00f6ga<br \/>\nPatenteeritud eesmised ja tagumised jala\u00f5mblused tagavad liigendatud istuvuse, parema liikuvuse ja suurema vastupidavuse<br \/>\nPatenteeritud kulumiskindlad sisseehitatud kruusakaitsed koos saapakonksudega<br \/>\nAnatoomiliselt konstrueeritud antimikroobse viimistlusega neopreenist sukad<\/p>","protected":false},"excerpt":{"rendered":"<p>Vastupidav, hingav ja mugav 4-kihiline GORE-TEX\u00ae Pro Shelli \u00fclemine ja alumine osa Topeltkinnitus TIZIP\u00ae veekindla k\u00e4rblukuga Sisseehitatud madala profiiliga v\u00f6\u00f6aasad<\/p>\n","protected":false},"featured_media":0,"template":"","meta":[],"pwb-brand":[333],"product_cat":[172],"product_tag":[2376,2438,350,321,325,323,322,324],"class_list":{"0":"post-11551","1":"product","2":"type-product","3":"status-publish","5":"pwb-brand-simms","6":"product_cat-waders","7":"product_tag-g3","8":"product_tag-pant","9":"product_tag-simms","10":"product_tag-waders","11":"product_tag-325","12":"product_tag-323","13":"product_tag-322","14":"product_tag-324","16":"first","17":"onbackorder","18":"taxable","19":"shipping-taxable","20":"purchasable","21":"product-type-variable"},"jetpack_sharing_enabled":true,"brands":[{"id":333,"name":"Simms","slug":"simms"}],"_links":{"self":[{"href":"https:\/\/tightline.ee\/et\/wp-json\/wp\/v2\/product\/11551","targetHints":{"allow":["GET"]}}],"collection":[{"href":"https:\/\/tightline.ee\/et\/wp-json\/wp\/v2\/product"}],"about":[{"href":"https:\/\/tightline.ee\/et\/wp-json\/wp\/v2\/types\/product"}],"wp:attachment":[{"href":"https:\/\/tightline.ee\/et\/wp-json\/wp\/v2\/media?parent=11551"}],"wp:term":[{"taxonomy":"pwb-brand","embeddable":true,"href":"https:\/\/tightline.ee\/et\/wp-json\/wp\/v2\/pwb-brand?post=11551"},{"taxonomy":"product_cat","embeddable":true,"href":"https:\/\/tightline.ee\/et\/wp-json\/wp\/v2\/product_cat?post=11551"},{"taxonomy":"product_tag","embeddable":true,"href":"https:\/\/tightline.ee\/et\/wp-json\/wp\/v2\/product_tag?post=11551"}],"curies":[{"name":"wp","href":"https:\/\/api.w.org\/{rel}","templated":true}]}}