{"id":11526,"date":"2021-03-23T13:02:19","date_gmt":"2021-03-23T11:02:19","guid":{"rendered":"https:\/\/tightline.ee\/?post_type=product&#038;p=11526"},"modified":"2024-04-29T18:15:45","modified_gmt":"2024-04-29T15:15:45","slug":"simms-freestone-z-stockingfoot","status":"publish","type":"product","link":"https:\/\/tightline.ee\/et\/toode\/simms-freestone-z-stockingfoot\/","title":{"rendered":"Simms Freestone Z Stockingfoot"},"content":{"rendered":"<p>Neljakihiline Toray\u00ae QuadraLam \u2122 veekindel, hingav laminaat<br \/>\nSisaldab TZIP veekindlat eesmist t\u00f5mblukku, mis pakub j\u00f5ele h\u00f5lpsat juurdep\u00e4\u00e4su ja kiiret leevendust<br \/>\nKahekordsed k\u00e4rbsetaskuga rinnataskud<br \/>\nSisemine lukuga suletav rinnatasku<br \/>\nViis v\u00f6\u00f6aasa 38mm nailonist v\u00f6\u00f6ga<br \/>\nKohandatud Duraflexi pandlad kogu ulatuses<br \/>\nNeopreenist kruusakaitsed<br \/>\nAnatoomiliselt konstrueeritud antimikroobse viimistlusega neopreenist sukad<\/p>","protected":false},"excerpt":{"rendered":"<p>Neljakihiline Toray\u00ae QuadraLam \u2122 veekindel, hingav laminaat Sisaldab TZIP veekindlat eesmist t\u00f5mblukku, mis pakub j\u00f5ele h\u00f5lpsat juurdep\u00e4\u00e4su ja kiiret leevendust<\/p>\n","protected":false},"featured_media":0,"template":"","meta":[],"pwb-brand":[333],"product_cat":[172],"product_tag":[2435,2436,350,321,2437,329,330,325,323,322,324],"class_list":{"0":"post-11526","1":"product","2":"type-product","3":"status-publish","5":"pwb-brand-simms","6":"product_cat-waders","7":"product_tag-freestone","8":"product_tag-freestone-z","9":"product_tag-simms","10":"product_tag-waders","11":"product_tag-zip","12":"product_tag-zip-front","13":"product_tag-zipper","14":"product_tag-325","15":"product_tag-323","16":"product_tag-322","17":"product_tag-324","19":"first","20":"onbackorder","21":"taxable","22":"shipping-taxable","23":"purchasable","24":"product-type-variable"},"jetpack_sharing_enabled":true,"brands":[{"id":333,"name":"Simms","slug":"simms"}],"_links":{"self":[{"href":"https:\/\/tightline.ee\/et\/wp-json\/wp\/v2\/product\/11526","targetHints":{"allow":["GET"]}}],"collection":[{"href":"https:\/\/tightline.ee\/et\/wp-json\/wp\/v2\/product"}],"about":[{"href":"https:\/\/tightline.ee\/et\/wp-json\/wp\/v2\/types\/product"}],"wp:attachment":[{"href":"https:\/\/tightline.ee\/et\/wp-json\/wp\/v2\/media?parent=11526"}],"wp:term":[{"taxonomy":"pwb-brand","embeddable":true,"href":"https:\/\/tightline.ee\/et\/wp-json\/wp\/v2\/pwb-brand?post=11526"},{"taxonomy":"product_cat","embeddable":true,"href":"https:\/\/tightline.ee\/et\/wp-json\/wp\/v2\/product_cat?post=11526"},{"taxonomy":"product_tag","embeddable":true,"href":"https:\/\/tightline.ee\/et\/wp-json\/wp\/v2\/product_tag?post=11526"}],"curies":[{"name":"wp","href":"https:\/\/api.w.org\/{rel}","templated":true}]}}