{"id":11372,"date":"2021-01-13T13:44:51","date_gmt":"2021-01-13T11:44:51","guid":{"rendered":"https:\/\/tightline.ee\/?post_type=product&#038;p=11372"},"modified":"2026-01-24T14:31:06","modified_gmt":"2026-01-24T12:31:06","slug":"loon-classic-nipper","status":"publish","type":"product","link":"https:\/\/tightline.ee\/et\/toode\/loon-classic-nipper\/","title":{"rendered":"Loon Classic Nipper"},"content":{"rendered":"<p>Lihtsad t\u00f5mblukud ikooniliste Loon kollaste mugavate k\u00e4epidemetega. Need kirurgikvaliteediga terasest valmistatud ja mugava haardega kaetud t\u00f5mblukud on ideaalne segu mugavusest ja j\u00f5udlusest. Nende hulka kuulub sirge l\u00f5ikepind, silmi puhastav n\u00f5el ja ikoonilised Loon kollase v\u00e4rvi mugavad k\u00e4epidemed, mis parandavad haardumist ka m\u00e4rjana.<\/p>","protected":false},"excerpt":{"rendered":"<p>Lihtsad t\u00f5mblukud ikooniliste Loon kollaste mugavate k\u00e4epidemetega. Need kirurgikvaliteediga terasest valmistatud ja mugava haardega kaetud t\u00f5mblukud on ideaalne segu mugavusest<\/p>\n","protected":false},"featured_media":13548,"template":"","meta":[],"pwb-brand":[199],"product_cat":[177,96],"product_tag":[784,786,787,788,2431,783,785],"class_list":{"0":"post-11372","1":"product","2":"type-product","3":"status-publish","4":"has-post-thumbnail","6":"pwb-brand-loon","7":"product_cat-tippet-leader","8":"product_cat-accessories-for-fishing","9":"product_tag-file","10":"product_tag-knot","11":"product_tag-knot-tier","12":"product_tag-knot-tyer","13":"product_tag-loon","14":"product_tag-nipper","15":"product_tag-pin","17":"first","18":"instock","19":"sale","20":"taxable","21":"shipping-taxable","22":"purchasable","23":"product-type-simple"},"jetpack_sharing_enabled":true,"brands":[{"id":199,"name":"Loon","slug":"loon"}],"_links":{"self":[{"href":"https:\/\/tightline.ee\/et\/wp-json\/wp\/v2\/product\/11372","targetHints":{"allow":["GET"]}}],"collection":[{"href":"https:\/\/tightline.ee\/et\/wp-json\/wp\/v2\/product"}],"about":[{"href":"https:\/\/tightline.ee\/et\/wp-json\/wp\/v2\/types\/product"}],"wp:featuredmedia":[{"embeddable":true,"href":"https:\/\/tightline.ee\/et\/wp-json\/wp\/v2\/media\/13548"}],"wp:attachment":[{"href":"https:\/\/tightline.ee\/et\/wp-json\/wp\/v2\/media?parent=11372"}],"wp:term":[{"taxonomy":"pwb-brand","embeddable":true,"href":"https:\/\/tightline.ee\/et\/wp-json\/wp\/v2\/pwb-brand?post=11372"},{"taxonomy":"product_cat","embeddable":true,"href":"https:\/\/tightline.ee\/et\/wp-json\/wp\/v2\/product_cat?post=11372"},{"taxonomy":"product_tag","embeddable":true,"href":"https:\/\/tightline.ee\/et\/wp-json\/wp\/v2\/product_tag?post=11372"}],"curies":[{"name":"wp","href":"https:\/\/api.w.org\/{rel}","templated":true}]}}