{"id":11234,"date":"2020-12-16T18:25:55","date_gmt":"2020-12-16T16:25:55","guid":{"rendered":"https:\/\/tightline.ee\/?post_type=product&#038;p=11234"},"modified":"2024-04-30T16:31:07","modified_gmt":"2024-04-30T13:31:07","slug":"fly-eyes","status":"publish","type":"product","link":"https:\/\/tightline.ee\/et\/toode\/fly-eyes\/","title":{"rendered":"Fly Eyes"},"content":{"rendered":"<p>T\u00e4iuslikult moodustatud pisarakujulised silmad. Suurep\u00e4rane krevettide v\u00f5i n\u00fcmfide jaoks. 10 tk pakendis<\/p>\n<p>&nbsp;<\/p>\n<p>&nbsp;<\/p>\n<p>&nbsp;<\/p>","protected":false},"excerpt":{"rendered":"<p>T\u00e4iuslikult moodustatud pisarakujulised silmad. Suurep\u00e4rane krevettide v\u00f5i n\u00fcmfide jaoks. 10 tk pakendis &nbsp; &nbsp; &nbsp;<\/p>\n","protected":false},"featured_media":13725,"template":"","meta":[],"pwb-brand":[394],"product_cat":[162],"product_tag":[1466,1464],"class_list":{"0":"post-11234","1":"product","2":"type-product","3":"status-publish","4":"has-post-thumbnail","6":"pwb-brand-veniard","7":"product_cat-eyes-headsbeads","8":"product_tag-fly-propellers","9":"product_tag-propellers","11":"first","12":"instock","13":"taxable","14":"shipping-taxable","15":"purchasable","16":"product-type-variable"},"jetpack_sharing_enabled":true,"brands":[{"id":394,"name":"Veniard","slug":"veniard"}],"_links":{"self":[{"href":"https:\/\/tightline.ee\/et\/wp-json\/wp\/v2\/product\/11234","targetHints":{"allow":["GET"]}}],"collection":[{"href":"https:\/\/tightline.ee\/et\/wp-json\/wp\/v2\/product"}],"about":[{"href":"https:\/\/tightline.ee\/et\/wp-json\/wp\/v2\/types\/product"}],"wp:featuredmedia":[{"embeddable":true,"href":"https:\/\/tightline.ee\/et\/wp-json\/wp\/v2\/media\/13725"}],"wp:attachment":[{"href":"https:\/\/tightline.ee\/et\/wp-json\/wp\/v2\/media?parent=11234"}],"wp:term":[{"taxonomy":"pwb-brand","embeddable":true,"href":"https:\/\/tightline.ee\/et\/wp-json\/wp\/v2\/pwb-brand?post=11234"},{"taxonomy":"product_cat","embeddable":true,"href":"https:\/\/tightline.ee\/et\/wp-json\/wp\/v2\/product_cat?post=11234"},{"taxonomy":"product_tag","embeddable":true,"href":"https:\/\/tightline.ee\/et\/wp-json\/wp\/v2\/product_tag?post=11234"}],"curies":[{"name":"wp","href":"https:\/\/api.w.org\/{rel}","templated":true}]}}