{"id":10951,"date":"2020-09-26T12:54:30","date_gmt":"2020-09-26T09:54:30","guid":{"rendered":"https:\/\/tightline.ee\/?post_type=product&#038;p=10951"},"modified":"2023-05-04T14:14:28","modified_gmt":"2023-05-04T11:14:28","slug":"fluo-hot-head","status":"publish","type":"product","link":"https:\/\/tightline.ee\/et\/toode\/fluo-hot-head\/","title":{"rendered":"Fluo Hot Head"},"content":{"rendered":"<p>Fluo-v\u00e4rvi plastik helmed. Kala paremaks ligimeelitamiseks asetage \u00fcks neist konksu otsa v\u00f5i lisage konksu l\u00e4hedal olevale seadmele rohkem helmeid. Sobib igat t\u00fc\u00fcpi kalap\u00fc\u00fcgiks.<\/p>\n<p>20 tk pakendis<\/p>\n<p>&nbsp;<\/p>\n<p>&nbsp;<\/p>","protected":false},"excerpt":{"rendered":"<p>Fluo-v\u00e4rvi plastik helmed. Kala paremaks ligimeelitamiseks asetage \u00fcks neist konksu otsa v\u00f5i lisage konksu l\u00e4hedal olevale seadmele rohkem helmeid. Sobib<\/p>\n","protected":false},"featured_media":10957,"template":"","meta":[],"pwb-brand":[2395],"product_cat":[162],"product_tag":[1451,1450],"class_list":{"0":"post-10951","1":"product","2":"type-product","3":"status-publish","4":"has-post-thumbnail","6":"pwb-brand-firefly","7":"product_cat-eyes-headsbeads","8":"product_tag-attractor","9":"product_tag-beads","11":"first","12":"instock","13":"sale","14":"taxable","15":"shipping-taxable","16":"purchasable","17":"product-type-variable"},"jetpack_sharing_enabled":true,"brands":[{"id":2395,"name":"FireFly","slug":"firefly"}],"_links":{"self":[{"href":"https:\/\/tightline.ee\/et\/wp-json\/wp\/v2\/product\/10951","targetHints":{"allow":["GET"]}}],"collection":[{"href":"https:\/\/tightline.ee\/et\/wp-json\/wp\/v2\/product"}],"about":[{"href":"https:\/\/tightline.ee\/et\/wp-json\/wp\/v2\/types\/product"}],"wp:featuredmedia":[{"embeddable":true,"href":"https:\/\/tightline.ee\/et\/wp-json\/wp\/v2\/media\/10957"}],"wp:attachment":[{"href":"https:\/\/tightline.ee\/et\/wp-json\/wp\/v2\/media?parent=10951"}],"wp:term":[{"taxonomy":"pwb-brand","embeddable":true,"href":"https:\/\/tightline.ee\/et\/wp-json\/wp\/v2\/pwb-brand?post=10951"},{"taxonomy":"product_cat","embeddable":true,"href":"https:\/\/tightline.ee\/et\/wp-json\/wp\/v2\/product_cat?post=10951"},{"taxonomy":"product_tag","embeddable":true,"href":"https:\/\/tightline.ee\/et\/wp-json\/wp\/v2\/product_tag?post=10951"}],"curies":[{"name":"wp","href":"https:\/\/api.w.org\/{rel}","templated":true}]}}