{"id":10919,"date":"2020-09-21T13:12:39","date_gmt":"2020-09-21T10:12:39","guid":{"rendered":"https:\/\/tightline.ee\/?post_type=product&#038;p=10919"},"modified":"2025-05-07T13:58:15","modified_gmt":"2025-05-07T10:58:15","slug":"patagonia-mens-sst-jacket","status":"publish","type":"product","link":"https:\/\/tightline.ee\/et\/toode\/patagonia-mens-sst-jacket\/","title":{"rendered":"Patagonia Men&#8217;s SST Jacket"},"content":{"rendered":"<p><\/p>\n<p class=\"product-short-desc\">Ikoonilises SST-jakil on tasased rinnataskud, suur tagumine tasku, integreeritud kapuuts koos \u00fche t\u00f5mbej\u00f5uga ja Reverse StretchCoati mansetid, et hoida k\u00e4si kuivas. SST on s\u00fcgava kahlamise jaoks k\u00f5rgelt l\u00f5igatud ja pakub kahekordse v\u00f6\u00f6aasaga t\u00e4iendavat kahvatumiskindlust. \u00d5mmeldud \u00f5iglase kaubanduse sertifikaat.<\/p>\n<div class=\"product-learn-more\"><\/div>\n<p><\/p>","protected":false},"excerpt":{"rendered":"<p>Ikoonilises SST-jakil on tasased rinnataskud, suur tagumine tasku, integreeritud kapuuts koos \u00fche t\u00f5mbej\u00f5uga ja Reverse StretchCoati mansetid, et hoida k\u00e4si<\/p>\n","protected":false},"featured_media":13497,"template":"","meta":[],"pwb-brand":[293],"product_cat":[127],"product_tag":[418,413,326,414,2384,417,416,415],"class_list":{"0":"post-10919","1":"product","2":"type-product","3":"status-publish","4":"has-post-thumbnail","6":"pwb-brand-patagonia","7":"product_cat-jacket","8":"product_tag-fishing-jacket","9":"product_tag-jacket","10":"product_tag-patagonia","11":"product_tag-rainwear","12":"product_tag-sst","13":"product_tag-wading-jacket","14":"product_tag-416","15":"product_tag-415","17":"first","18":"onbackorder","19":"taxable","20":"shipping-taxable","21":"purchasable","22":"product-type-variable"},"jetpack_sharing_enabled":true,"brands":[{"id":293,"name":"Patagonia","slug":"patagonia"}],"_links":{"self":[{"href":"https:\/\/tightline.ee\/et\/wp-json\/wp\/v2\/product\/10919","targetHints":{"allow":["GET"]}}],"collection":[{"href":"https:\/\/tightline.ee\/et\/wp-json\/wp\/v2\/product"}],"about":[{"href":"https:\/\/tightline.ee\/et\/wp-json\/wp\/v2\/types\/product"}],"wp:featuredmedia":[{"embeddable":true,"href":"https:\/\/tightline.ee\/et\/wp-json\/wp\/v2\/media\/13497"}],"wp:attachment":[{"href":"https:\/\/tightline.ee\/et\/wp-json\/wp\/v2\/media?parent=10919"}],"wp:term":[{"taxonomy":"pwb-brand","embeddable":true,"href":"https:\/\/tightline.ee\/et\/wp-json\/wp\/v2\/pwb-brand?post=10919"},{"taxonomy":"product_cat","embeddable":true,"href":"https:\/\/tightline.ee\/et\/wp-json\/wp\/v2\/product_cat?post=10919"},{"taxonomy":"product_tag","embeddable":true,"href":"https:\/\/tightline.ee\/et\/wp-json\/wp\/v2\/product_tag?post=10919"}],"curies":[{"name":"wp","href":"https:\/\/api.w.org\/{rel}","templated":true}]}}