{"id":10820,"date":"2020-08-03T15:17:37","date_gmt":"2020-08-03T12:17:37","guid":{"rendered":"https:\/\/tightline.ee\/?post_type=product&#038;p=10820"},"modified":"2023-12-13T09:04:37","modified_gmt":"2023-12-13T07:04:37","slug":"stonfo-rotodubbing-elite","status":"publish","type":"product","link":"https:\/\/tightline.ee\/et\/toode\/stonfo-rotodubbing-elite\/","title":{"rendered":"Stonfo Rotodubbing Elite"},"content":{"rendered":"<p>K\u00f5rgkvaliteediline roostevabast terasest dubleerimise t\u00f6\u00f6riist, mille sees on kuullaagrid, mis v\u00f5imaldab kiiret ja sujuvat p\u00f6\u00f6rlemist. Selle p\u00f6\u00f6rlev pea v\u00f5imaldab 180-kraadist vaba p\u00f6\u00f6rlemisliigutust koos plokiga keskmises asendis. Pea asetus 90 kraadi juures hoiab \u00e4ra dubleerimise lahti kerimise, mille saab otse konksu k\u00fclge m\u00e4hkida, ilma hantlitangideta. Kaasas t\u00e4ielikud juhised.<\/p>","protected":false},"excerpt":{"rendered":"<p>K\u00f5rgkvaliteediline roostevabast terasest dubleerimise t\u00f6\u00f6riist, mille sees on kuullaagrid, mis v\u00f5imaldab kiiret ja sujuvat p\u00f6\u00f6rlemist. Selle p\u00f6\u00f6rlev pea v\u00f5imaldab 180-kraadist<\/p>\n","protected":false},"featured_media":0,"template":"","meta":[],"pwb-brand":[1134],"product_cat":[1140],"product_tag":[1162,1160,1167],"class_list":{"0":"post-10820","1":"product","2":"type-product","3":"status-publish","5":"pwb-brand-stonfo","6":"product_cat-tools","7":"product_tag-dubbing","8":"product_tag-tools","9":"product_tag-twister","11":"first","12":"onbackorder","13":"sale","14":"taxable","15":"shipping-taxable","16":"purchasable","17":"product-type-simple"},"jetpack_sharing_enabled":true,"brands":[{"id":1134,"name":"Stonfo","slug":"stonfo"}],"_links":{"self":[{"href":"https:\/\/tightline.ee\/et\/wp-json\/wp\/v2\/product\/10820","targetHints":{"allow":["GET"]}}],"collection":[{"href":"https:\/\/tightline.ee\/et\/wp-json\/wp\/v2\/product"}],"about":[{"href":"https:\/\/tightline.ee\/et\/wp-json\/wp\/v2\/types\/product"}],"wp:attachment":[{"href":"https:\/\/tightline.ee\/et\/wp-json\/wp\/v2\/media?parent=10820"}],"wp:term":[{"taxonomy":"pwb-brand","embeddable":true,"href":"https:\/\/tightline.ee\/et\/wp-json\/wp\/v2\/pwb-brand?post=10820"},{"taxonomy":"product_cat","embeddable":true,"href":"https:\/\/tightline.ee\/et\/wp-json\/wp\/v2\/product_cat?post=10820"},{"taxonomy":"product_tag","embeddable":true,"href":"https:\/\/tightline.ee\/et\/wp-json\/wp\/v2\/product_tag?post=10820"}],"curies":[{"name":"wp","href":"https:\/\/api.w.org\/{rel}","templated":true}]}}