{"id":10806,"date":"2020-07-28T13:48:17","date_gmt":"2020-07-28T10:48:17","guid":{"rendered":"https:\/\/tightline.ee\/?post_type=product&#038;p=10806"},"modified":"2024-05-10T10:22:40","modified_gmt":"2024-05-10T07:22:40","slug":"bullhead-6-522-aurora-black","status":"publish","type":"product","link":"https:\/\/tightline.ee\/et\/toode\/bullhead-6-522-aurora-black\/","title":{"rendered":"Bullhead 6 &#8211; 522 Aurora Black"},"content":{"rendered":"<p>DR-F &#8211; s\u00fcgavjooksja ujuv, pikkus 60mm, kaal 9,4 g, sukeldumiss\u00fcgavus &#8211; 1,5-3,5 m<br \/>\nSDR-F Super s\u00fcgav jooksja ujuv, pikkus 60 mm, kaal 10,2 g, sukeldumiss\u00fcgavus &#8211; 2,5-3,0 m<\/p>","protected":false},"excerpt":{"rendered":"<p>DR-F &#8211; s\u00fcgavjooksja ujuv, pikkus 60mm, kaal 9,4 g, sukeldumiss\u00fcgavus &#8211; 1,5-3,5 m SDR-F Super s\u00fcgav jooksja ujuv, pikkus 60<\/p>\n","protected":false},"featured_media":11686,"template":"","meta":[],"pwb-brand":[687],"product_cat":[2355],"product_tag":[689,2358,690,697,691,693,692,695,696,694],"class_list":{"0":"post-10806","1":"product","2":"type-product","3":"status-publish","4":"has-post-thumbnail","6":"pwb-brand-asakura","7":"product_cat-bullhead","8":"product_tag-asakura","9":"product_tag-bullhead","10":"product_tag-crankbait","11":"product_tag-lure","12":"product_tag-lures","13":"product_tag-s-hornet","14":"product_tag-vobler","15":"product_tag-695","16":"product_tag-696","17":"product_tag-694","19":"first","20":"instock","21":"sale","22":"taxable","23":"shipping-taxable","24":"purchasable","25":"product-type-variable"},"jetpack_sharing_enabled":true,"brands":[{"id":687,"name":"Asakura","slug":"asakura"}],"_links":{"self":[{"href":"https:\/\/tightline.ee\/et\/wp-json\/wp\/v2\/product\/10806","targetHints":{"allow":["GET"]}}],"collection":[{"href":"https:\/\/tightline.ee\/et\/wp-json\/wp\/v2\/product"}],"about":[{"href":"https:\/\/tightline.ee\/et\/wp-json\/wp\/v2\/types\/product"}],"wp:featuredmedia":[{"embeddable":true,"href":"https:\/\/tightline.ee\/et\/wp-json\/wp\/v2\/media\/11686"}],"wp:attachment":[{"href":"https:\/\/tightline.ee\/et\/wp-json\/wp\/v2\/media?parent=10806"}],"wp:term":[{"taxonomy":"pwb-brand","embeddable":true,"href":"https:\/\/tightline.ee\/et\/wp-json\/wp\/v2\/pwb-brand?post=10806"},{"taxonomy":"product_cat","embeddable":true,"href":"https:\/\/tightline.ee\/et\/wp-json\/wp\/v2\/product_cat?post=10806"},{"taxonomy":"product_tag","embeddable":true,"href":"https:\/\/tightline.ee\/et\/wp-json\/wp\/v2\/product_tag?post=10806"}],"curies":[{"name":"wp","href":"https:\/\/api.w.org\/{rel}","templated":true}]}}