{"id":10693,"date":"2020-05-13T18:28:42","date_gmt":"2020-05-13T15:28:42","guid":{"rendered":"https:\/\/tightline.ee\/?post_type=product&#038;p=10693"},"modified":"2023-08-06T14:26:03","modified_gmt":"2023-08-06T11:26:03","slug":"simms-g3-guide-stockingfoot-cinder","status":"publish","type":"product","link":"https:\/\/tightline.ee\/et\/toode\/simms-g3-guide-stockingfoot-cinder\/","title":{"rendered":"Simms G3 Guide\u2122 Stockingfoot"},"content":{"rendered":"<p>Lukuga rinnatasku<br \/>\nEemaldatav v\u00e4ljal\u00fclitatav Tippet Tender \u2122 tasku, millel on kahekordsed t\u00f5mblukud ja t\u00f5mburiga dokkimisjaam<br \/>\nT\u00f5mblukuga k\u00e4epidemega mikrovillaga vooderdatud k\u00e4sitsi soojendav rinnatasku<br \/>\nKonksu ja aasaga plaaster aktsepteerib Super Fly plaastrit (m\u00fc\u00fcakse eraldi)<br \/>\nSisseehitatud madala profiiliga v\u00f6\u00f6aasad koos 2-tollise venitusv\u00f6\u00f6v\u00f6\u00f6ga<br \/>\nPatenteeritud eesmised ja tagumised s\u00e4\u00e4rte\u00f5mblused v\u00f5imaldavad enneolematut liikuvust ja v\u00e4listavad \u00f5mblused kriitilistes sisejalgade kulumistsoonides.<br \/>\nReguleeritav elastne 1,5-tolline sukahoidja vastassuunaliste YKK\u00ae-lukkudega v\u00f6\u00f6koha k\u00f5rgemaks muutmiseks<br \/>\nKulumiskindlad sisseehitatud kruusakaitsed koos saapakonksudega<br \/>\nAnatoomiliselt konstrueeritud antimikroobse viimistlusega neopreenist sukad<br \/>\n3-kihiline GORE-TEX\u00ae Pro kest \u00fclaosas; 4-kihiline GORE-TEX\u00ae Pro kest istmel ja jalgadel<\/p>","protected":false},"excerpt":{"rendered":"<p>Lukuga rinnatasku Eemaldatav v\u00e4ljal\u00fclitatav Tippet Tender \u2122 tasku, millel on kahekordsed t\u00f5mblukud ja t\u00f5mburiga dokkimisjaam T\u00f5mblukuga k\u00e4epidemega mikrovillaga vooderdatud k\u00e4sitsi<\/p>\n","protected":false},"featured_media":12574,"template":"","meta":[],"pwb-brand":[333],"product_cat":[172],"product_tag":[2376,350,321,325,323,322,324],"class_list":{"0":"post-10693","1":"product","2":"type-product","3":"status-publish","4":"has-post-thumbnail","6":"pwb-brand-simms","7":"product_cat-waders","8":"product_tag-g3","9":"product_tag-simms","10":"product_tag-waders","11":"product_tag-325","12":"product_tag-323","13":"product_tag-322","14":"product_tag-324","16":"first","17":"onbackorder","18":"taxable","19":"shipping-taxable","20":"purchasable","21":"product-type-variable"},"jetpack_sharing_enabled":true,"brands":[{"id":333,"name":"Simms","slug":"simms"}],"_links":{"self":[{"href":"https:\/\/tightline.ee\/et\/wp-json\/wp\/v2\/product\/10693","targetHints":{"allow":["GET"]}}],"collection":[{"href":"https:\/\/tightline.ee\/et\/wp-json\/wp\/v2\/product"}],"about":[{"href":"https:\/\/tightline.ee\/et\/wp-json\/wp\/v2\/types\/product"}],"wp:featuredmedia":[{"embeddable":true,"href":"https:\/\/tightline.ee\/et\/wp-json\/wp\/v2\/media\/12574"}],"wp:attachment":[{"href":"https:\/\/tightline.ee\/et\/wp-json\/wp\/v2\/media?parent=10693"}],"wp:term":[{"taxonomy":"pwb-brand","embeddable":true,"href":"https:\/\/tightline.ee\/et\/wp-json\/wp\/v2\/pwb-brand?post=10693"},{"taxonomy":"product_cat","embeddable":true,"href":"https:\/\/tightline.ee\/et\/wp-json\/wp\/v2\/product_cat?post=10693"},{"taxonomy":"product_tag","embeddable":true,"href":"https:\/\/tightline.ee\/et\/wp-json\/wp\/v2\/product_tag?post=10693"}],"curies":[{"name":"wp","href":"https:\/\/api.w.org\/{rel}","templated":true}]}}