{"id":10661,"date":"2020-05-12T14:52:51","date_gmt":"2020-05-12T11:52:51","guid":{"rendered":"https:\/\/tightline.ee\/?post_type=product&#038;p=10661"},"modified":"2022-10-04T22:07:34","modified_gmt":"2022-10-04T19:07:34","slug":"ice-wing-fiber","status":"publish","type":"product","link":"https:\/\/tightline.ee\/et\/toode\/ice-wing-fiber\/","title":{"rendered":"Ice Wing Fiber"},"content":{"rendered":"<p>Suurep\u00e4rane materjal vooderdiste, n\u00fcmfide, t\u00e4rkajate v\u00f5i muude mustrite jaoks, kus on vaja lisav\u00e4lku.<\/p>","protected":false},"excerpt":{"rendered":"<p>Suurep\u00e4rane materjal vooderdiste, n\u00fcmfide, t\u00e4rkajate v\u00f5i muude mustrite jaoks, kus on vaja lisav\u00e4lku.<\/p>\n","protected":false},"featured_media":10671,"template":"","meta":[],"pwb-brand":[434],"product_cat":[2345],"product_tag":[],"class_list":{"0":"post-10661","1":"product","2":"type-product","3":"status-publish","4":"has-post-thumbnail","6":"pwb-brand-hareline","7":"product_cat-ice-wing-fiber","9":"first","10":"instock","11":"sale","12":"taxable","13":"shipping-taxable","14":"purchasable","15":"product-type-variable"},"jetpack_sharing_enabled":true,"brands":[{"id":434,"name":"Hareline","slug":"hareline"}],"_links":{"self":[{"href":"https:\/\/tightline.ee\/et\/wp-json\/wp\/v2\/product\/10661","targetHints":{"allow":["GET"]}}],"collection":[{"href":"https:\/\/tightline.ee\/et\/wp-json\/wp\/v2\/product"}],"about":[{"href":"https:\/\/tightline.ee\/et\/wp-json\/wp\/v2\/types\/product"}],"wp:featuredmedia":[{"embeddable":true,"href":"https:\/\/tightline.ee\/et\/wp-json\/wp\/v2\/media\/10671"}],"wp:attachment":[{"href":"https:\/\/tightline.ee\/et\/wp-json\/wp\/v2\/media?parent=10661"}],"wp:term":[{"taxonomy":"pwb-brand","embeddable":true,"href":"https:\/\/tightline.ee\/et\/wp-json\/wp\/v2\/pwb-brand?post=10661"},{"taxonomy":"product_cat","embeddable":true,"href":"https:\/\/tightline.ee\/et\/wp-json\/wp\/v2\/product_cat?post=10661"},{"taxonomy":"product_tag","embeddable":true,"href":"https:\/\/tightline.ee\/et\/wp-json\/wp\/v2\/product_tag?post=10661"}],"curies":[{"name":"wp","href":"https:\/\/api.w.org\/{rel}","templated":true}]}}