{"id":10646,"date":"2020-05-12T13:18:14","date_gmt":"2020-05-12T10:18:14","guid":{"rendered":"https:\/\/tightline.ee\/?post_type=product&#038;p=10646"},"modified":"2023-09-21T14:59:12","modified_gmt":"2023-09-21T11:59:12","slug":"uv-enhancer","status":"publish","type":"product","link":"https:\/\/tightline.ee\/et\/toode\/uv-enhancer\/","title":{"rendered":"UV Enhancer"},"content":{"rendered":"<p>Reguleerimisala on tohutu: see on lisatud l\u00f5hek\u00e4rbse tiivale, haugile, forellile ja isegi n\u00fcmfide ja kuivade k\u00e4rbeste sildi kujul. Kui UV-v\u00f5imendist saab teie k\u00e4rbeste sidumiskomplekti osa, on ebat\u00f5en\u00e4oline, et m\u00f5ni k\u00e4rbes j\u00e4taks vise ilma selle erandliku materjali korralikult doseeritud osata.<\/p>","protected":false},"excerpt":{"rendered":"<p>Reguleerimisala on tohutu: see on lisatud l\u00f5hek\u00e4rbse tiivale, haugile, forellile ja isegi n\u00fcmfide ja kuivade k\u00e4rbeste sildi kujul. Kui UV-v\u00f5imendist<\/p>\n","protected":false},"featured_media":10650,"template":"","meta":[],"pwb-brand":[394],"product_cat":[2344],"product_tag":[],"class_list":{"0":"post-10646","1":"product","2":"type-product","3":"status-publish","4":"has-post-thumbnail","6":"pwb-brand-veniard","7":"product_cat-uv-enhancer","9":"first","10":"instock","11":"sale","12":"taxable","13":"shipping-taxable","14":"purchasable","15":"product-type-variable"},"jetpack_sharing_enabled":true,"brands":[{"id":394,"name":"Veniard","slug":"veniard"}],"_links":{"self":[{"href":"https:\/\/tightline.ee\/et\/wp-json\/wp\/v2\/product\/10646","targetHints":{"allow":["GET"]}}],"collection":[{"href":"https:\/\/tightline.ee\/et\/wp-json\/wp\/v2\/product"}],"about":[{"href":"https:\/\/tightline.ee\/et\/wp-json\/wp\/v2\/types\/product"}],"wp:featuredmedia":[{"embeddable":true,"href":"https:\/\/tightline.ee\/et\/wp-json\/wp\/v2\/media\/10650"}],"wp:attachment":[{"href":"https:\/\/tightline.ee\/et\/wp-json\/wp\/v2\/media?parent=10646"}],"wp:term":[{"taxonomy":"pwb-brand","embeddable":true,"href":"https:\/\/tightline.ee\/et\/wp-json\/wp\/v2\/pwb-brand?post=10646"},{"taxonomy":"product_cat","embeddable":true,"href":"https:\/\/tightline.ee\/et\/wp-json\/wp\/v2\/product_cat?post=10646"},{"taxonomy":"product_tag","embeddable":true,"href":"https:\/\/tightline.ee\/et\/wp-json\/wp\/v2\/product_tag?post=10646"}],"curies":[{"name":"wp","href":"https:\/\/api.w.org\/{rel}","templated":true}]}}