{"id":10420,"date":"2020-03-09T16:31:11","date_gmt":"2020-03-09T14:31:11","guid":{"rendered":"https:\/\/tightline.ee\/?post_type=product&#038;p=10420"},"modified":"2025-08-05T17:47:06","modified_gmt":"2025-08-05T14:47:06","slug":"patagonia-mens-capilene-midweight-crew","status":"publish","type":"product","link":"https:\/\/tightline.ee\/et\/toode\/patagonia-mens-capilene-midweight-crew\/","title":{"rendered":"Patagonia Men&#8217;s Capilene\u00ae Midweight  Crew"},"content":{"rendered":"<p>Klassikaline, k\u00f5ikjal ringi liikuv aluskiht, valmistatud 50-100% ringlussev\u00f5etud sisust. Sile, pehme n\u00e4gu muudab h\u00f5lpsaks kihiks; \u00f5\u00f5nsad l\u00f5ngad ja rombikujuline tagasil\u00f5ks l\u00f5ksu sooja \u00f5hu, taht niiskuse ja kuivavad kiiresti. HeiQ\u00ae v\u00e4rske vastupidav l\u00f5hnakontroll hoiab asjad v\u00e4rskena.<\/p>","protected":false},"excerpt":{"rendered":"<p>Klassikaline, k\u00f5ikjal ringi liikuv aluskiht, valmistatud 50-100% ringlussev\u00f5etud sisust. Sile, pehme n\u00e4gu muudab h\u00f5lpsaks kihiks; \u00f5\u00f5nsad l\u00f5ngad ja rombikujuline tagasil\u00f5ks<\/p>\n","protected":false},"featured_media":13499,"template":"","meta":[],"pwb-brand":[293],"product_cat":[124],"product_tag":[1776,1777],"class_list":{"0":"post-10420","1":"product","2":"type-product","3":"status-publish","4":"has-post-thumbnail","6":"pwb-brand-patagonia","7":"product_cat-thermo-underwear","8":"product_tag-capilene","9":"product_tag-termo","11":"first","12":"instock","13":"taxable","14":"shipping-taxable","15":"purchasable","16":"product-type-variable"},"jetpack_sharing_enabled":true,"brands":[{"id":293,"name":"Patagonia","slug":"patagonia"}],"_links":{"self":[{"href":"https:\/\/tightline.ee\/et\/wp-json\/wp\/v2\/product\/10420","targetHints":{"allow":["GET"]}}],"collection":[{"href":"https:\/\/tightline.ee\/et\/wp-json\/wp\/v2\/product"}],"about":[{"href":"https:\/\/tightline.ee\/et\/wp-json\/wp\/v2\/types\/product"}],"wp:featuredmedia":[{"embeddable":true,"href":"https:\/\/tightline.ee\/et\/wp-json\/wp\/v2\/media\/13499"}],"wp:attachment":[{"href":"https:\/\/tightline.ee\/et\/wp-json\/wp\/v2\/media?parent=10420"}],"wp:term":[{"taxonomy":"pwb-brand","embeddable":true,"href":"https:\/\/tightline.ee\/et\/wp-json\/wp\/v2\/pwb-brand?post=10420"},{"taxonomy":"product_cat","embeddable":true,"href":"https:\/\/tightline.ee\/et\/wp-json\/wp\/v2\/product_cat?post=10420"},{"taxonomy":"product_tag","embeddable":true,"href":"https:\/\/tightline.ee\/et\/wp-json\/wp\/v2\/product_tag?post=10420"}],"curies":[{"name":"wp","href":"https:\/\/api.w.org\/{rel}","templated":true}]}}