{"id":10164,"date":"2019-12-11T16:00:11","date_gmt":"2019-12-11T14:00:11","guid":{"rendered":"https:\/\/tightline.ee\/?post_type=product&#038;p=10164"},"modified":"2025-04-08T16:12:18","modified_gmt":"2025-04-08T13:12:18","slug":"simms-bugstopper-net-cap","status":"publish","type":"product","link":"https:\/\/tightline.ee\/et\/toode\/simms-bugstopper-net-cap\/","title":{"rendered":"Simms BugStopper Net Cap"},"content":{"rendered":"<p>See pesapalli stiilis m\u00fcts, millel pole n\u00e4gemisv\u00f5imalust, muudab teie n\u00e4o ja kaela lendamise keelutsooniks.<\/p>\n<p>Vigade hammustamine v\u00f5ib testida ka k\u00f5ige kannatlikuma angleri tahet. \u00d6elge neile kahjuritele, et nad eemaldaksid Bugstopper\u00ae Net Cap&#8217;i. See t\u00e4ispaneeliga viie paneeliga kork \u00fchendab putukate Shield\u00ae-tehnoloogia, perimeetri k\u00fclge kinnitatud n\u00e4htamatute silmadega ja n\u00f6\u00f6ripiirde sulguriga, et muuta teie pea ametlikuks veatuks.<\/p>\n<p>Pikaajaline kaitse putukate eest<br \/>\n5 paneeliga, pikk \u00e4\u00e4rekujuline<br \/>\n360 \u00b0 kattega v\u00f5rgusilmaga<br \/>\nJoonk\u00f6idiku sulgumine alaosas asuvas v\u00f5rgusilmas<br \/>\nKiirelt kuivav ja higistav riba<\/p>","protected":false},"excerpt":{"rendered":"<p>See pesapalli stiilis m\u00fcts, millel pole n\u00e4gemisv\u00f5imalust, muudab teie n\u00e4o ja kaela lendamise keelutsooniks. Vigade hammustamine v\u00f5ib testida ka k\u00f5ige<\/p>\n","protected":false},"featured_media":10165,"template":"","meta":[],"pwb-brand":[333],"product_cat":[121],"product_tag":[2267,778,776,1759,1760,2266,779,1758],"class_list":{"0":"post-10164","1":"product","2":"type-product","3":"status-publish","4":"has-post-thumbnail","6":"pwb-brand-simms","7":"product_cat-hats-cap","8":"product_tag-bugstopper","9":"product_tag-cap","10":"product_tag-hat","11":"product_tag-kork","12":"product_tag-muts","13":"product_tag-net","14":"product_tag-779","15":"product_tag-1758","17":"first","18":"instock","19":"sale","20":"taxable","21":"shipping-taxable","22":"purchasable","23":"product-type-simple"},"jetpack_sharing_enabled":true,"brands":[{"id":333,"name":"Simms","slug":"simms"}],"_links":{"self":[{"href":"https:\/\/tightline.ee\/et\/wp-json\/wp\/v2\/product\/10164","targetHints":{"allow":["GET"]}}],"collection":[{"href":"https:\/\/tightline.ee\/et\/wp-json\/wp\/v2\/product"}],"about":[{"href":"https:\/\/tightline.ee\/et\/wp-json\/wp\/v2\/types\/product"}],"wp:featuredmedia":[{"embeddable":true,"href":"https:\/\/tightline.ee\/et\/wp-json\/wp\/v2\/media\/10165"}],"wp:attachment":[{"href":"https:\/\/tightline.ee\/et\/wp-json\/wp\/v2\/media?parent=10164"}],"wp:term":[{"taxonomy":"pwb-brand","embeddable":true,"href":"https:\/\/tightline.ee\/et\/wp-json\/wp\/v2\/pwb-brand?post=10164"},{"taxonomy":"product_cat","embeddable":true,"href":"https:\/\/tightline.ee\/et\/wp-json\/wp\/v2\/product_cat?post=10164"},{"taxonomy":"product_tag","embeddable":true,"href":"https:\/\/tightline.ee\/et\/wp-json\/wp\/v2\/product_tag?post=10164"}],"curies":[{"name":"wp","href":"https:\/\/api.w.org\/{rel}","templated":true}]}}