{"id":3291,"date":"2019-08-20T09:38:59","date_gmt":"2019-08-20T06:38:59","guid":{"rendered":"https:\/\/tightline-ee.vserver.zonevs.eu\/?page_id=3291"},"modified":"2024-03-19T21:49:00","modified_gmt":"2024-03-19T19:49:00","slug":"kuidas-osta","status":"publish","type":"page","link":"https:\/\/tightline.ee\/et\/kuidas-osta\/","title":{"rendered":"Kuidas osta"},"content":{"rendered":"<div class=\"wpb-content-wrapper\"><p>[vc_row][vc_column][vc_column_text]Kuidas teha tellimust:<\/p>\n<ol>\n<li>Leida soovitav kaup<\/li>\n<li>Sisestada kaup ostukorvi<\/li>\n<li>Kontrollida ostukorvi sisu<\/li>\n<li>Minna \u00fcle tellimuse vormistamisele ja autoriseerida ennast (l\u00e4bida registratsioon)<\/li>\n<li>Valida sihtkoha aadress<\/li>\n<li>Vaadata \u00fcle tellimuse kohta k\u00e4iv informatsioon ja kinnitada tellimus<\/li>\n<li>Kontrollida tellimuse staatust<\/li>\n<\/ol>\n<p>&nbsp;<\/p>\n<ol>\n<li>1<strong>.<\/strong> <strong>Leida<\/strong> <strong>kaubad<\/strong><strong>, milliseid<\/strong> <strong>Te<\/strong> <strong>soovite<\/strong><\/li>\n<\/ol>\n<p>V\u00f5ite valida kaupu nii kategooriatest kui ka \u201cOtsi\u201d-funktsiooni abil<\/p>\n<p><strong>\u00a0<\/strong><\/p>\n<ol start=\"2\">\n<li><strong> Sisestada kaup ostukorvi. 3.Kontrollida ostukorvi sisu<\/strong><\/li>\n<\/ol>\n<p><strong>\u00a0<\/strong><\/p>\n<p>Iga kaubaartikli k\u00f5rval asetseb nupp \u201eOstukorvi\u201d, vajutades nimetatud nupule, sisestate kauba ostukorvi.<\/p>\n<p>V\u00f5ite igal hetkel vaadata oma ostukorvi sisu, vajutades viitele \u201eOstukorv\u201d \u00fclemises men\u00fc\u00fcs.<\/p>\n<p>V\u00f5ite ostukorvis muuta tellitavate kaupade kogust (n\u00e4iteks soovite soetada 3 t\u00fckki \u00fchte kaupa). Sellisel juhul sisestate reale \u201eKogus\u201d vajaliku arvu ja vajutate nupule \u201eUuenda ostukorvi\u201d.<\/p>\n<p>Samuti on v\u00f5imalik eemaldada m\u00f5ni kaup tellimusest nupu \u201eEemaldada\u201d abil.<\/p>\n<p>Ostukorvi alla kuvatakse tellimuse maksumus juba koos Eesti piires\u00a0 kohaletoomise hinna arvestusega.<\/p>\n<p>&nbsp;<\/p>\n<p>&nbsp;<\/p>\n<ol start=\"4\">\n<li><strong>Minna \u00fcle tellimuse vormistamisele ja autoriseerida ennast (l\u00e4bida registratsioon)<\/strong><\/li>\n<\/ol>\n<p>&nbsp;<\/p>\n<p>Juhul kui olete soovitavad kaubad \u00a0vajalikus koguses\u00a0 kokku kogunud vajutage nupule \u201cKoostada tellimus\u201d.<\/p>\n<p>&nbsp;<\/p>\n<p>Veebilehek\u00fcljel asetseb kogu lahendust l\u00e4bivalt autoriseerimise vorm. Juhul kui olete ennast\u00a0 meie veebilehek\u00fcljel juba autoriseerinud on\u00a0 vajalik sisestada ainult oma e-maili aadress ja parool p\u00f6\u00f6rdudda tagasi tellimuse vormistamise juurde.<\/p>\n<p>Juhul kui olete unustanud salas\u00f5na kasutage funktsiooni \u201dSalas\u00f5na taastamine\u201d. Juhul aga kui Te ei ole registratsiooni l\u00e4binud, vajutage nupule \u201dRegistratsioon\u201d.<\/p>\n<p>&nbsp;<\/p>\n<p>Milleks on registreerumine vajalik?<\/p>\n<p>Registreerumise alusel saate ligip\u00e4\u00e4su infole, mis puudutab Teie tellimuse seisukorda, samuti Teie tellimuste ajalugu.<\/p>\n<p>&nbsp;<\/p>\n<p>Konfidentsiaalsus<\/p>\n<p>&nbsp;<\/p>\n<p>Kogu privaatset informatsiooni, mida edastatakse ostjatele, kasutatakse eranditult kauba k\u00e4ttetoimetamiseks ja samuti ka \u00f5igeaegseks teavitamiseks selle toimumisest<\/p>\n<p>&nbsp;<\/p>\n<ol start=\"5\">\n<li><strong>Valida<\/strong> <strong>sihtkoha<\/strong> <strong>aadress<\/strong><\/li>\n<\/ol>\n<p>&nbsp;<\/p>\n<p>Kokkuleppeliselt langeb tarnekoha aadress\u00a0kokku registreerimise aadressida. Juhul kui soovite, et tarnimine toimuks teisele aadressile, vahetage lihtsalt vormistamise k\u00e4igus tellimuses andmed. Tarnimine Eesti piires toimub hariliku posti teel, tasuta. Samuti on v\u00f5imalik tasuline tarne kulleriga. Hindadega v\u00f5ib tutvuda veebilehek\u00fcljel <a href=\"http:\/\/www.kuller.ee\/\">www.kuller.ee<\/a> sellisel juhul peate seda n\u00e4itama ka tellimuses (v\u00e4ljal \u201dM\u00e4rkus\u201d, tellimuse vormi viimasel kraanil)<\/p>\n<p>&nbsp;<\/p>\n<ol start=\"6\">\n<li><strong>Vaadata \u00fcle tellimuse kohta k\u00e4iv informatsioon ja kinnitada tellimus<\/strong><\/li>\n<\/ol>\n<p>&nbsp;<\/p>\n<p>P\u00e4rast tarne aadressi ja ja viisi valikut satute alamlehek\u00fcljele, kus n\u00e4idatud kogu Teie tellimuse kirjeldus<\/p>\n<p>Siin n\u00e4ete aaddressi \u00a0 kuhu tarne teostatakse, tellitud kaupade nimekirja, makseviisi ja tellimuse maksumust. V\u00e4ljale \u201dM\u00e4rkus v\u00f5ite sisestada erim\u00e4rked (n\u00e4iteks kulleriga tarnimise soovi), Vajutades nupule \u201dKinnitada\u201d, kinnitate oma tellimuse ja ta satub kohe meie juurde t\u00f6\u00f6tlusse.<\/p>\n<p>Teile saabub tellimust kirjeldav kirjalik teatis. P\u00e4rast seda, kui administraator on tellimuse \u00fcle kontrollinud, edastatakse Teile viide Teie tellimuse ostukorvile. S\u00f5ltuvalt valitud makseviisist n\u00e4idatakse ostukorvis \u00e4ra viide internet-pangale v\u00f5i lihtsalt pangarekvisiidid makse teostamiseks standartsete vahenditega.<\/p>\n<p>&nbsp;<\/p>\n<ol start=\"7\">\n<li><strong>Kontrollida tellimuse staatust<\/strong><\/li>\n<\/ol>\n<p>&nbsp;<\/p>\n<p>P\u00e4rast seda kui vajutasite nupule \u201cKinnitada\u201d, avaneb ekraan teatisega \u201cT\u00e4name tellimuse eest!\u201d. See t\u00e4hendab, et \u00a0tellimus on vastu v\u00f5etud.<\/p>\n<p>J\u00e4rgnevalt v\u00f5ite alati saada tellimuse seisuga seotud informatsiooni Ostja alal\u00f5igust.\u00a0 \u00a0Ostja alal\u00f5iku on v\u00f5imalik siseneda veebilehek\u00fclje igalt alamlehek\u00fcljelt.<\/p>\n<p>&nbsp;<\/p>\n<p>Ei leidnud vastest oma k\u00fcsimusele?<\/p>\n<p>Kirjutage aadressil <a href=\"mailto:ffft@tightline.ee\">ffft@tightline.ee<\/a>[\/vc_column_text][\/vc_column][\/vc_row]<\/p>\n<\/div>","protected":false},"excerpt":{"rendered":"<p>[vc_row][vc_column][vc_column_text]Kuidas teha tellimust: Leida soovitav kaup Sisestada kaup ostukorvi Kontrollida ostukorvi sisu Minna \u00fcle tellimuse vormistamisele ja autoriseerida ennast (l\u00e4bida<\/p>\n","protected":false},"author":1,"featured_media":0,"parent":0,"menu_order":0,"comment_status":"closed","ping_status":"closed","template":"page-default2.php","meta":{"footnotes":""},"class_list":["post-3291","page","type-page","status-publish","hentry"],"jetpack_sharing_enabled":true,"_links":{"self":[{"href":"https:\/\/tightline.ee\/et\/wp-json\/wp\/v2\/pages\/3291","targetHints":{"allow":["GET"]}}],"collection":[{"href":"https:\/\/tightline.ee\/et\/wp-json\/wp\/v2\/pages"}],"about":[{"href":"https:\/\/tightline.ee\/et\/wp-json\/wp\/v2\/types\/page"}],"author":[{"embeddable":true,"href":"https:\/\/tightline.ee\/et\/wp-json\/wp\/v2\/users\/1"}],"replies":[{"embeddable":true,"href":"https:\/\/tightline.ee\/et\/wp-json\/wp\/v2\/comments?post=3291"}],"version-history":[{"count":4,"href":"https:\/\/tightline.ee\/et\/wp-json\/wp\/v2\/pages\/3291\/revisions"}],"predecessor-version":[{"id":3377,"href":"https:\/\/tightline.ee\/et\/wp-json\/wp\/v2\/pages\/3291\/revisions\/3377"}],"wp:attachment":[{"href":"https:\/\/tightline.ee\/et\/wp-json\/wp\/v2\/media?parent=3291"}],"curies":[{"name":"wp","href":"https:\/\/api.w.org\/{rel}","templated":true}]}}