{"id":13431,"date":"2024-03-21T17:46:31","date_gmt":"2024-03-21T15:46:31","guid":{"rendered":"https:\/\/tightline.ee\/?page_id=13431"},"modified":"2025-08-27T16:24:28","modified_gmt":"2025-08-27T13:24:28","slug":"payment","status":"publish","type":"page","link":"https:\/\/tightline.ee\/et\/payment\/","title":{"rendered":"Makse"},"content":{"rendered":"<p>Laos olevate toodete eest saab tasuda panga\u00fclekande ja PayPaliga.<br \/>\nKui soovite vormistada ettetellimuse (toode Saadaval j\u00e4reltellimusel), siis tasuge <span style=\"color: #ff0000;\"><strong>ainult panga\u00fclekandega<\/strong><\/span> ning tarneaegade t\u00e4psustamiseks on soovitatav meiega eelnevalt \u00fchendust v\u00f5tta.<\/p>\n<p>Seda seet\u00f5ttu, et PayPal v\u00f5tab kohe oma vahendustasu ega v\u00e4ljasta tagasimakseid, kui me ei suuda tellimust t\u00e4ita.<\/p>\n<p>Pangaandmed:<\/p>\n<p>O\u00dc Tight Line<\/p>\n<p>IBAN &#8211; EE222200221033816668<\/p>","protected":false},"excerpt":{"rendered":"<p>Laos olevate toodete eest saab tasuda panga\u00fclekande ja PayPaliga. Kui soovite vormistada ettetellimuse (toode Saadaval j\u00e4reltellimusel), siis tasuge ainult panga\u00fclekandega<\/p>\n","protected":false},"author":2,"featured_media":0,"parent":0,"menu_order":0,"comment_status":"closed","ping_status":"closed","template":"","meta":{"footnotes":""},"class_list":["post-13431","page","type-page","status-publish","hentry"],"jetpack_sharing_enabled":true,"_links":{"self":[{"href":"https:\/\/tightline.ee\/et\/wp-json\/wp\/v2\/pages\/13431","targetHints":{"allow":["GET"]}}],"collection":[{"href":"https:\/\/tightline.ee\/et\/wp-json\/wp\/v2\/pages"}],"about":[{"href":"https:\/\/tightline.ee\/et\/wp-json\/wp\/v2\/types\/page"}],"author":[{"embeddable":true,"href":"https:\/\/tightline.ee\/et\/wp-json\/wp\/v2\/users\/2"}],"replies":[{"embeddable":true,"href":"https:\/\/tightline.ee\/et\/wp-json\/wp\/v2\/comments?post=13431"}],"version-history":[{"count":3,"href":"https:\/\/tightline.ee\/et\/wp-json\/wp\/v2\/pages\/13431\/revisions"}],"predecessor-version":[{"id":14119,"href":"https:\/\/tightline.ee\/et\/wp-json\/wp\/v2\/pages\/13431\/revisions\/14119"}],"wp:attachment":[{"href":"https:\/\/tightline.ee\/et\/wp-json\/wp\/v2\/media?parent=13431"}],"curies":[{"name":"wp","href":"https:\/\/api.w.org\/{rel}","templated":true}]}}